{"id":12,"date":"2025-05-23T06:41:43","date_gmt":"2025-05-23T06:41:43","guid":{"rendered":"http:\/\/www.betaelektronik.com\/index.php\/pages\/"},"modified":"2025-05-23T09:44:43","modified_gmt":"2025-05-23T09:44:43","slug":"pages","status":"publish","type":"page","link":"http:\/\/www.betaelektronik.com\/index.php\/pages\/","title":{"rendered":"5651 Say\u0131l\u0131 Yasa ve KVKK\u2019ya Uygun Loglama"},"content":{"rendered":"\t\t<div data-elementor-type=\"wp-page\" data-elementor-id=\"12\" class=\"elementor elementor-12\">\n\t\t\t\t<div class=\"elementor-element elementor-element-4da1d58d e-flex e-con-boxed e-con e-parent\" data-id=\"4da1d58d\" data-element_type=\"container\" data-e-type=\"container\">\n\t\t\t\t\t<div class=\"e-con-inner\">\n\t\t\t\t<div class=\"elementor-element elementor-element-3210460d elementor-widget elementor-widget-text-editor\" data-id=\"3210460d\" data-element_type=\"widget\" data-e-type=\"widget\" data-widget_type=\"text-editor.default\">\n\t\t\t\t<div class=\"elementor-widget-container\">\n\t\t\t\t\t\t\t\t\t\n<h1 class=\"wp-block-heading\"><strong>5651 Say\u0131l\u0131 Yasa ve KVKK\u2019ya Uygun Loglama<\/strong><\/h1>\t\t\t\t\t\t\t\t<\/div>\n\t\t\t\t<\/div>\n\t\t\t\t\t<\/div>\n\t\t\t\t<\/div>\n\t\t<div class=\"elementor-element elementor-element-2ca3edb e-flex e-con-boxed e-con e-parent\" data-id=\"2ca3edb\" data-element_type=\"container\" data-e-type=\"container\">\n\t\t\t\t\t<div class=\"e-con-inner\">\n\t\t\t\t<div class=\"elementor-element elementor-element-6acf728 elementor-widget elementor-widget-image\" data-id=\"6acf728\" data-element_type=\"widget\" data-e-type=\"widget\" data-widget_type=\"image.default\">\n\t\t\t\t<div class=\"elementor-widget-container\">\n\t\t\t\t\t\t\t\t\t\t\t\t\t\t\t<img fetchpriority=\"high\" decoding=\"async\" width=\"800\" height=\"238\" src=\"http:\/\/www.betaelektronik.com\/wp-content\/uploads\/2025\/05\/lOG-zORUNLU-1024x305.png\" class=\"attachment-large size-large wp-image-158\" alt=\"\" srcset=\"http:\/\/www.betaelektronik.com\/wp-content\/uploads\/2025\/05\/lOG-zORUNLU-1024x305.png 1024w, http:\/\/www.betaelektronik.com\/wp-content\/uploads\/2025\/05\/lOG-zORUNLU-600x179.png 600w, http:\/\/www.betaelektronik.com\/wp-content\/uploads\/2025\/05\/lOG-zORUNLU-300x89.png 300w, http:\/\/www.betaelektronik.com\/wp-content\/uploads\/2025\/05\/lOG-zORUNLU-768x229.png 768w, http:\/\/www.betaelektronik.com\/wp-content\/uploads\/2025\/05\/lOG-zORUNLU.png 1270w\" sizes=\"(max-width: 800px) 100vw, 800px\" \/>\t\t\t\t\t\t\t\t\t\t\t\t\t\t\t<\/div>\n\t\t\t\t<\/div>\n\t\t<div class=\"elementor-element elementor-element-adfc41c e-con-full e-flex e-con e-child\" data-id=\"adfc41c\" data-element_type=\"container\" data-e-type=\"container\">\n\t\t\t\t<div class=\"elementor-element elementor-element-97f270f elementor-widget elementor-widget-image\" data-id=\"97f270f\" data-element_type=\"widget\" data-e-type=\"widget\" data-widget_type=\"image.default\">\n\t\t\t\t<div class=\"elementor-widget-container\">\n\t\t\t\t\t\t\t\t\t\t\t\t\t\t\t<img decoding=\"async\" width=\"800\" height=\"421\" src=\"http:\/\/www.betaelektronik.com\/wp-content\/uploads\/2025\/05\/lOG-zORUNLU-2-1024x539.png\" class=\"attachment-large size-large wp-image-164\" alt=\"\" srcset=\"http:\/\/www.betaelektronik.com\/wp-content\/uploads\/2025\/05\/lOG-zORUNLU-2-1024x539.png 1024w, http:\/\/www.betaelektronik.com\/wp-content\/uploads\/2025\/05\/lOG-zORUNLU-2-600x316.png 600w, http:\/\/www.betaelektronik.com\/wp-content\/uploads\/2025\/05\/lOG-zORUNLU-2-300x158.png 300w, http:\/\/www.betaelektronik.com\/wp-content\/uploads\/2025\/05\/lOG-zORUNLU-2-768x405.png 768w, http:\/\/www.betaelektronik.com\/wp-content\/uploads\/2025\/05\/lOG-zORUNLU-2.png 1344w\" sizes=\"(max-width: 800px) 100vw, 800px\" \/>\t\t\t\t\t\t\t\t\t\t\t\t\t\t\t<\/div>\n\t\t\t\t<\/div>\n\t\t<div class=\"elementor-element elementor-element-97a65b1 e-con-full e-flex e-con e-child\" data-id=\"97a65b1\" data-element_type=\"container\" data-e-type=\"container\">\n\t\t\t\t<div class=\"elementor-element elementor-element-22d41a9 elementor-widget elementor-widget-heading\" data-id=\"22d41a9\" data-element_type=\"widget\" data-e-type=\"widget\" data-widget_type=\"heading.default\">\n\t\t\t\t<div class=\"elementor-widget-container\">\n\t\t\t\t\t<h2 class=\"elementor-heading-title elementor-size-default\">NEDEN B\u0130Z?<\/h2>\t\t\t\t<\/div>\n\t\t\t\t<\/div>\n\t\t\t\t<div class=\"elementor-element elementor-element-13c9954 elementor-widget elementor-widget-text-editor\" data-id=\"13c9954\" data-element_type=\"widget\" data-e-type=\"widget\" data-widget_type=\"text-editor.default\">\n\t\t\t\t<div class=\"elementor-widget-container\">\n\t\t\t\t\t\t\t\t\t<div id=\"neden-berqnet\" class=\"wp-block-stackable-heading stk-block-heading stk-block-heading--v2 stk-block stk-ki4zhwj image-container top show\" data-block-id=\"ki4zhwj\">\n<h2 class=\"stk-block-heading__text has-text-color has-text-align-center\"><span style=\"font-size: 16px;\">\u00c7\u00f6z\u00fcmlerimiz t\u00fcm a\u011f\u0131n\u0131z\u0131 tek bir platform \u00fczerinden merkezi ve kolay bir \u015fekilde y\u00f6netir.<\/span><\/h2>\n<\/div>\n<div id=\"zero-trust-brings-an-extensive-approach-to-reducing-br-span-style-color-var-theme-palette-color-1-5737-d-6-class-stk-highlight-security-risks-span\" class=\"wp-block-stackable-text stk-block-text stk-block stk-q3fblc0 image-container bottom show\" data-block-id=\"q3fblc0\">\n<p class=\"stk-block-text__text has-text-align-center\">Siber g\u00fcvenli\u011finizi modern y\u00f6ntemlerle g\u00fc\u00e7lendirirken, Ulusal Siber Olaylara M\u00fcdahale Merkezi (USOM) ile tam entegrasyon sa\u011flar.\u00a0 USOM taraf\u0131ndan yay\u0131mlanan tehdit listelerini manuel i\u015fleme gerek kalmadan otomatik olarak cihazlar\u0131n\u0131za aktararak g\u00fcvenli\u011finizi s\u00fcrekli g\u00fcncel tutar.<\/p>\n<\/div>\t\t\t\t\t\t\t\t<\/div>\n\t\t\t\t<\/div>\n\t\t\t\t<\/div>\n\t\t\t\t<\/div>\n\t\t\t\t\t<\/div>\n\t\t\t\t<\/div>\n\t\t\t\t<\/div>\n\t\t","protected":false},"excerpt":{"rendered":"<p>5651 Say\u0131l\u0131 Yasa ve KVKK\u2019ya Uygun Loglama NEDEN B\u0130Z? \u00c7\u00f6z\u00fcmlerimiz t\u00fcm a\u011f\u0131n\u0131z\u0131 tek bir platform \u00fczerinhttp:\/\/www.betaelektronik.com\/wp-content\/uploads\/2025\/04\/post-example1.webp merkezi ve kolay bir \u015fekilde y\u00f6netir. Siber g\u00fcvenli\u011finizi modern y\u00f6ntemlerle g\u00fc\u00e7lendirirken, Ulusal Siber Olaylara M\u00fcdahale Merkezi (USOM) ile tam entegrasyon sa\u011flar.\u00a0 USOM taraf\u0131ndan yay\u0131mlanan tehdit listelerini manuel i\u015fleme gerek kalmadan otomatik olarak cihazlar\u0131n\u0131za aktararak g\u00fcvenli\u011finizi s\u00fcrekli g\u00fcncel tutar.<\/p>\n","protected":false},"author":1,"featured_media":0,"parent":0,"menu_order":0,"comment_status":"closed","ping_status":"closed","template":"elementor_header_footer","meta":{"footnotes":""},"class_list":["post-12","page","type-page","status-publish","hentry"],"_links":{"self":[{"href":"http:\/\/www.betaelektronik.com\/index.php\/wp-json\/wp\/v2\/pages\/12","targetHints":{"allow":["GET"]}}],"collection":[{"href":"http:\/\/www.betaelektronik.com\/index.php\/wp-json\/wp\/v2\/pages"}],"about":[{"href":"http:\/\/www.betaelektronik.com\/index.php\/wp-json\/wp\/v2\/types\/page"}],"author":[{"embeddable":true,"href":"http:\/\/www.betaelektronik.com\/index.php\/wp-json\/wp\/v2\/users\/1"}],"replies":[{"embeddable":true,"href":"http:\/\/www.betaelektronik.com\/index.php\/wp-json\/wp\/v2\/comments?post=12"}],"version-history":[{"count":16,"href":"http:\/\/www.betaelektronik.com\/index.php\/wp-json\/wp\/v2\/pages\/12\/revisions"}],"predecessor-version":[{"id":170,"href":"http:\/\/www.betaelektronik.com\/index.php\/wp-json\/wp\/v2\/pages\/12\/revisions\/170"}],"wp:attachment":[{"href":"http:\/\/www.betaelektronik.com\/index.php\/wp-json\/wp\/v2\/media?parent=12"}],"curies":[{"name":"wp","href":"https:\/\/api.w.org\/{rel}","templated":true}]}}