{"id":139,"date":"2025-05-23T09:10:13","date_gmt":"2025-05-23T09:10:13","guid":{"rendered":"http:\/\/www.betaelektronik.com\/?page_id=139"},"modified":"2025-05-29T12:26:05","modified_gmt":"2025-05-29T12:26:05","slug":"ztna-sifir-guven-ag-erisimi","status":"publish","type":"page","link":"http:\/\/www.betaelektronik.com\/index.php\/ztna-sifir-guven-ag-erisimi\/","title":{"rendered":"ZTNA (S\u0131f\u0131r G\u00fcven A\u011f Eri\u015fimi)"},"content":{"rendered":"\t\t<div data-elementor-type=\"wp-page\" data-elementor-id=\"139\" class=\"elementor elementor-139\">\n\t\t\t\t<div class=\"elementor-element elementor-element-c0405db e-flex e-con-boxed e-con e-parent\" data-id=\"c0405db\" data-element_type=\"container\" data-e-type=\"container\">\n\t\t\t\t\t<div class=\"e-con-inner\">\n\t\t\t\t<div class=\"elementor-element elementor-element-29f442d elementor-widget elementor-widget-image\" data-id=\"29f442d\" data-element_type=\"widget\" data-e-type=\"widget\" data-widget_type=\"image.default\">\n\t\t\t\t<div class=\"elementor-widget-container\">\n\t\t\t\t\t\t\t\t\t\t\t\t\t\t\t<img fetchpriority=\"high\" decoding=\"async\" width=\"1215\" height=\"184\" src=\"http:\/\/www.betaelektronik.com\/wp-content\/uploads\/2025\/05\/ztna-Baslik.png\" class=\"attachment-1536x1536 size-1536x1536 wp-image-321\" alt=\"\" srcset=\"http:\/\/www.betaelektronik.com\/wp-content\/uploads\/2025\/05\/ztna-Baslik.png 1215w, http:\/\/www.betaelektronik.com\/wp-content\/uploads\/2025\/05\/ztna-Baslik-300x45.png 300w, http:\/\/www.betaelektronik.com\/wp-content\/uploads\/2025\/05\/ztna-Baslik-1024x155.png 1024w, http:\/\/www.betaelektronik.com\/wp-content\/uploads\/2025\/05\/ztna-Baslik-768x116.png 768w, http:\/\/www.betaelektronik.com\/wp-content\/uploads\/2025\/05\/ztna-Baslik-600x91.png 600w\" sizes=\"(max-width: 1215px) 100vw, 1215px\" \/>\t\t\t\t\t\t\t\t\t\t\t\t\t\t\t<\/div>\n\t\t\t\t<\/div>\n\t\t\t\t<div class=\"elementor-element elementor-element-6a5f7f9 elementor-widget elementor-widget-spacer\" data-id=\"6a5f7f9\" data-element_type=\"widget\" data-e-type=\"widget\" data-widget_type=\"spacer.default\">\n\t\t\t\t<div class=\"elementor-widget-container\">\n\t\t\t\t\t\t\t<div class=\"elementor-spacer\">\n\t\t\t<div class=\"elementor-spacer-inner\"><\/div>\n\t\t<\/div>\n\t\t\t\t\t\t<\/div>\n\t\t\t\t<\/div>\n\t\t\t\t<div class=\"elementor-element elementor-element-a470e52 elementor-widget elementor-widget-image\" data-id=\"a470e52\" data-element_type=\"widget\" data-e-type=\"widget\" data-widget_type=\"image.default\">\n\t\t\t\t<div class=\"elementor-widget-container\">\n\t\t\t\t\t\t\t\t\t\t\t\t\t\t\t<img decoding=\"async\" width=\"800\" height=\"283\" src=\"http:\/\/www.betaelektronik.com\/wp-content\/uploads\/2025\/05\/ztna-1-1024x362.png\" class=\"attachment-large size-large wp-image-322\" alt=\"\" srcset=\"http:\/\/www.betaelektronik.com\/wp-content\/uploads\/2025\/05\/ztna-1-1024x362.png 1024w, http:\/\/www.betaelektronik.com\/wp-content\/uploads\/2025\/05\/ztna-1-300x106.png 300w, http:\/\/www.betaelektronik.com\/wp-content\/uploads\/2025\/05\/ztna-1-768x271.png 768w, http:\/\/www.betaelektronik.com\/wp-content\/uploads\/2025\/05\/ztna-1-600x212.png 600w, http:\/\/www.betaelektronik.com\/wp-content\/uploads\/2025\/05\/ztna-1.png 1229w\" sizes=\"(max-width: 800px) 100vw, 800px\" \/>\t\t\t\t\t\t\t\t\t\t\t\t\t\t\t<\/div>\n\t\t\t\t<\/div>\n\t\t\t\t<div class=\"elementor-element elementor-element-07d9312 elementor-widget elementor-widget-image\" data-id=\"07d9312\" data-element_type=\"widget\" data-e-type=\"widget\" data-widget_type=\"image.default\">\n\t\t\t\t<div class=\"elementor-widget-container\">\n\t\t\t\t\t\t\t\t\t\t\t\t\t\t\t<img decoding=\"async\" width=\"1138\" height=\"431\" src=\"http:\/\/www.betaelektronik.com\/wp-content\/uploads\/2025\/05\/ztna-2.png\" class=\"attachment-1536x1536 size-1536x1536 wp-image-323\" alt=\"\" srcset=\"http:\/\/www.betaelektronik.com\/wp-content\/uploads\/2025\/05\/ztna-2.png 1138w, http:\/\/www.betaelektronik.com\/wp-content\/uploads\/2025\/05\/ztna-2-300x114.png 300w, http:\/\/www.betaelektronik.com\/wp-content\/uploads\/2025\/05\/ztna-2-1024x388.png 1024w, http:\/\/www.betaelektronik.com\/wp-content\/uploads\/2025\/05\/ztna-2-768x291.png 768w, http:\/\/www.betaelektronik.com\/wp-content\/uploads\/2025\/05\/ztna-2-600x227.png 600w\" sizes=\"(max-width: 1138px) 100vw, 1138px\" \/>\t\t\t\t\t\t\t\t\t\t\t\t\t\t\t<\/div>\n\t\t\t\t<\/div>\n\t\t\t\t<div class=\"elementor-element elementor-element-8c0ac9c elementor-widget elementor-widget-image\" data-id=\"8c0ac9c\" data-element_type=\"widget\" data-e-type=\"widget\" data-widget_type=\"image.default\">\n\t\t\t\t<div class=\"elementor-widget-container\">\n\t\t\t\t\t\t\t\t\t\t\t\t\t\t\t<img loading=\"lazy\" decoding=\"async\" width=\"800\" height=\"341\" src=\"http:\/\/www.betaelektronik.com\/wp-content\/uploads\/2025\/05\/ztna-3-1024x437.png\" class=\"attachment-large size-large wp-image-324\" alt=\"\" srcset=\"http:\/\/www.betaelektronik.com\/wp-content\/uploads\/2025\/05\/ztna-3-1024x437.png 1024w, http:\/\/www.betaelektronik.com\/wp-content\/uploads\/2025\/05\/ztna-3-300x128.png 300w, http:\/\/www.betaelektronik.com\/wp-content\/uploads\/2025\/05\/ztna-3-768x328.png 768w, http:\/\/www.betaelektronik.com\/wp-content\/uploads\/2025\/05\/ztna-3-600x256.png 600w, http:\/\/www.betaelektronik.com\/wp-content\/uploads\/2025\/05\/ztna-3.png 1334w\" sizes=\"(max-width: 800px) 100vw, 800px\" \/>\t\t\t\t\t\t\t\t\t\t\t\t\t\t\t<\/div>\n\t\t\t\t<\/div>\n\t\t\t\t<div class=\"elementor-element elementor-element-3d9c067 elementor-widget elementor-widget-image\" data-id=\"3d9c067\" data-element_type=\"widget\" data-e-type=\"widget\" data-widget_type=\"image.default\">\n\t\t\t\t<div class=\"elementor-widget-container\">\n\t\t\t\t\t\t\t\t\t\t\t\t\t\t\t<img loading=\"lazy\" decoding=\"async\" width=\"1308\" height=\"577\" src=\"http:\/\/www.betaelektronik.com\/wp-content\/uploads\/2025\/05\/ztna-4.png\" class=\"attachment-1536x1536 size-1536x1536 wp-image-325\" alt=\"\" srcset=\"http:\/\/www.betaelektronik.com\/wp-content\/uploads\/2025\/05\/ztna-4.png 1308w, http:\/\/www.betaelektronik.com\/wp-content\/uploads\/2025\/05\/ztna-4-300x132.png 300w, http:\/\/www.betaelektronik.com\/wp-content\/uploads\/2025\/05\/ztna-4-1024x452.png 1024w, http:\/\/www.betaelektronik.com\/wp-content\/uploads\/2025\/05\/ztna-4-768x339.png 768w, http:\/\/www.betaelektronik.com\/wp-content\/uploads\/2025\/05\/ztna-4-600x265.png 600w\" sizes=\"(max-width: 1308px) 100vw, 1308px\" \/>\t\t\t\t\t\t\t\t\t\t\t\t\t\t\t<\/div>\n\t\t\t\t<\/div>\n\t\t\t\t<div class=\"elementor-element elementor-element-957eba3 elementor-widget elementor-widget-image\" data-id=\"957eba3\" data-element_type=\"widget\" data-e-type=\"widget\" data-widget_type=\"image.default\">\n\t\t\t\t<div class=\"elementor-widget-container\">\n\t\t\t\t\t\t\t\t\t\t\t\t\t\t\t<img loading=\"lazy\" decoding=\"async\" width=\"1239\" height=\"671\" src=\"http:\/\/www.betaelektronik.com\/wp-content\/uploads\/2025\/05\/ztna-5.png\" class=\"attachment-1536x1536 size-1536x1536 wp-image-326\" alt=\"\" srcset=\"http:\/\/www.betaelektronik.com\/wp-content\/uploads\/2025\/05\/ztna-5.png 1239w, http:\/\/www.betaelektronik.com\/wp-content\/uploads\/2025\/05\/ztna-5-300x162.png 300w, http:\/\/www.betaelektronik.com\/wp-content\/uploads\/2025\/05\/ztna-5-1024x555.png 1024w, http:\/\/www.betaelektronik.com\/wp-content\/uploads\/2025\/05\/ztna-5-768x416.png 768w, http:\/\/www.betaelektronik.com\/wp-content\/uploads\/2025\/05\/ztna-5-600x325.png 600w\" sizes=\"(max-width: 1239px) 100vw, 1239px\" \/>\t\t\t\t\t\t\t\t\t\t\t\t\t\t\t<\/div>\n\t\t\t\t<\/div>\n\t\t\t\t\t<\/div>\n\t\t\t\t<\/div>\n\t\t\t\t<\/div>\n\t\t","protected":false},"excerpt":{"rendered":"","protected":false},"author":1,"featured_media":0,"parent":0,"menu_order":0,"comment_status":"closed","ping_status":"closed","template":"elementor_header_footer","meta":{"footnotes":""},"class_list":["post-139","page","type-page","status-publish","hentry"],"_links":{"self":[{"href":"http:\/\/www.betaelektronik.com\/index.php\/wp-json\/wp\/v2\/pages\/139","targetHints":{"allow":["GET"]}}],"collection":[{"href":"http:\/\/www.betaelektronik.com\/index.php\/wp-json\/wp\/v2\/pages"}],"about":[{"href":"http:\/\/www.betaelektronik.com\/index.php\/wp-json\/wp\/v2\/types\/page"}],"author":[{"embeddable":true,"href":"http:\/\/www.betaelektronik.com\/index.php\/wp-json\/wp\/v2\/users\/1"}],"replies":[{"embeddable":true,"href":"http:\/\/www.betaelektronik.com\/index.php\/wp-json\/wp\/v2\/comments?post=139"}],"version-history":[{"count":4,"href":"http:\/\/www.betaelektronik.com\/index.php\/wp-json\/wp\/v2\/pages\/139\/revisions"}],"predecessor-version":[{"id":329,"href":"http:\/\/www.betaelektronik.com\/index.php\/wp-json\/wp\/v2\/pages\/139\/revisions\/329"}],"wp:attachment":[{"href":"http:\/\/www.betaelektronik.com\/index.php\/wp-json\/wp\/v2\/media?parent=139"}],"curies":[{"name":"wp","href":"https:\/\/api.w.org\/{rel}","templated":true}]}}