{"id":48,"date":"2025-05-23T06:50:11","date_gmt":"2025-05-23T06:50:11","guid":{"rendered":"http:\/\/www.betaelektronik.com\/index.php\/about-3\/"},"modified":"2025-05-28T08:16:25","modified_gmt":"2025-05-28T08:16:25","slug":"about-3","status":"publish","type":"page","link":"http:\/\/www.betaelektronik.com\/index.php\/about-3\/","title":{"rendered":"Hakk\u0131m\u0131zda"},"content":{"rendered":"\t\t<div data-elementor-type=\"wp-page\" data-elementor-id=\"48\" class=\"elementor elementor-48\">\n\t\t\t\t<div class=\"elementor-element elementor-element-1180880e e-flex e-con-boxed e-con e-parent\" data-id=\"1180880e\" data-element_type=\"container\" data-e-type=\"container\">\n\t\t\t\t\t<div class=\"e-con-inner\">\n\t\t\t\t<div class=\"elementor-element elementor-element-7b3935ae elementor-widget elementor-widget-text-editor\" data-id=\"7b3935ae\" data-element_type=\"widget\" data-e-type=\"widget\" data-widget_type=\"text-editor.default\">\n\t\t\t\t<div class=\"elementor-widget-container\">\n\t\t\t\t\t\t\t\t\t<p>BETA ELEKTRON\u0130K ailesi olarak 2012 y\u0131l\u0131ndan bu yana \u00fcr\u00fcn ve hizmetlerimiz ile ilk kez Manisa\u2019da hizmet vermeye ba\u015flam\u0131\u015ft\u0131k. onlarca proje deneyimi ile bug\u00fcn m\u00fc\u015fteri memnuniyeti ve g\u00fcveni kapsam\u0131nda faaliyetlerimiz ile g\u00fcnden g\u00fcne b\u00fcy\u00fcmektedir. T\u00fcrkiyezay\u0131f ak\u0131m projeleri, server ve network kurulumlar\u0131 ile, ba\u015flad\u0131\u011f\u0131 ilk andan bu yana sekt\u00f6rde ad\u0131n\u0131 duyurmu\u015f ba\u015far\u0131l\u0131 bir firman\u0131n hakl\u0131 gururunu ya\u015f\u0131yoruz.<\/p><p>Beta Elektronik misyonu gere\u011fi ilk g\u00fcnden bu yana m\u00fc\u015fteri memnuniyetini ve g\u00fcvenini kazanmak \u00fczere hareket ediyoruz. Ekip arkada\u015flar\u0131m\u0131z ile sundu\u011fumuz t\u00fcm hizmetlerde vizyonumuz temel de\u011ferlerimiz \u00e7er\u00e7evesinde m\u00fc\u015fteri memnuniyetini ve g\u00fcvenini kazanmakt\u0131r. Bug\u00fcn 3.000\u2019den fazla tamamlanm\u0131\u015f projelerimiz ile sundu\u011fumuz hizmetlerimize sadece 3 ki\u015fi ile ba\u015flad\u0131\u011f\u0131m\u0131z ilk g\u00fcn sahip oldu\u011fumuz t\u00fcm de\u011ferleri bug\u00fcn de koruyor olman\u0131n verdi\u011fi mutlulu\u011fu payla\u015f\u0131yoruz.<\/p><p>Uluslararas\u0131 ba\u011flamda sundu\u011fumuz hizmet ve \u00fcr\u00fcn se\u00e7eneklerimiz ile g\u00fcnden g\u00fcne b\u00fcy\u00fcyor ve d\u00fcnyaya a\u00e7\u0131l\u0131yoruz. Vizyonumuz ve misyonumuz \u0131\u015f\u0131\u011f\u0131nda \u00e7izgimizden sapmadan, kendi yolumuza \u0131\u015f\u0131k olan de\u011ferlerimiz ile gelecekte de sizlerle olmay\u0131 umut ediyoruz. \u00dcr\u00fcnlerimiz ve hizmetlerimiz hakk\u0131nda sormak istedikleriniz, \u00f6nerileriniz ve yorumlar\u0131n\u0131z i\u00e7in ileti\u015fim kanallar\u0131m\u0131z ile bize ula\u015fabilirsiniz. Yorumlar\u0131n\u0131z ve d\u00fc\u015f\u00fcnceleriniz bizim i\u00e7in \u00e7ok de\u011ferli.<\/p><p>Sayg\u0131lar\u0131m\u0131zla,<\/p><p>Beta Elektronik Ekibi<\/p>\t\t\t\t\t\t\t\t<\/div>\n\t\t\t\t<\/div>\n\t\t\t\t\t<\/div>\n\t\t\t\t<\/div>\n\t\t\t\t<\/div>\n\t\t","protected":false},"excerpt":{"rendered":"<p>BETA ELEKTRON\u0130K ailesi olarak 2012 y\u0131l\u0131ndan bu yana \u00fcr\u00fcn ve hizmetlerimiz ile ilk kez Manisa\u2019da hizmet vermeye ba\u015flam\u0131\u015ft\u0131k. onlarca proje http:\/\/www.betaelektronik.com\/wp-content\/uploads\/2025\/04\/post-example1.webpeyimi ile bug\u00fcn m\u00fc\u015fteri memnuniyeti ve g\u00fcveni kapsam\u0131nda faaliyetlerimiz ile g\u00fcnhttp:\/\/www.betaelektronik.com\/wp-content\/uploads\/2025\/04\/post-example1.webp g\u00fcne b\u00fcy\u00fcmektedir. T\u00fcrkiyezay\u0131f ak\u0131m projeleri, server ve network kurulumlar\u0131 ile, ba\u015flad\u0131\u011f\u0131 ilk andan bu yana sekt\u00f6rde ad\u0131n\u0131 duyurmu\u015f ba\u015far\u0131l\u0131 bir firman\u0131n hakl\u0131 gururunu ya\u015f\u0131yoruz. [&hellip;]<\/p>\n","protected":false},"author":1,"featured_media":0,"parent":0,"menu_order":0,"comment_status":"closed","ping_status":"closed","template":"elementor_header_footer","meta":{"footnotes":""},"class_list":["post-48","page","type-page","status-publish","hentry"],"_links":{"self":[{"href":"http:\/\/www.betaelektronik.com\/index.php\/wp-json\/wp\/v2\/pages\/48","targetHints":{"allow":["GET"]}}],"collection":[{"href":"http:\/\/www.betaelektronik.com\/index.php\/wp-json\/wp\/v2\/pages"}],"about":[{"href":"http:\/\/www.betaelektronik.com\/index.php\/wp-json\/wp\/v2\/types\/page"}],"author":[{"embeddable":true,"href":"http:\/\/www.betaelektronik.com\/index.php\/wp-json\/wp\/v2\/users\/1"}],"replies":[{"embeddable":true,"href":"http:\/\/www.betaelektronik.com\/index.php\/wp-json\/wp\/v2\/comments?post=48"}],"version-history":[{"count":8,"href":"http:\/\/www.betaelektronik.com\/index.php\/wp-json\/wp\/v2\/pages\/48\/revisions"}],"predecessor-version":[{"id":278,"href":"http:\/\/www.betaelektronik.com\/index.php\/wp-json\/wp\/v2\/pages\/48\/revisions\/278"}],"wp:attachment":[{"href":"http:\/\/www.betaelektronik.com\/index.php\/wp-json\/wp\/v2\/media?parent=48"}],"curies":[{"name":"wp","href":"https:\/\/api.w.org\/{rel}","templated":true}]}}